{"id":194,"date":"2023-08-24T16:10:45","date_gmt":"2023-08-24T12:10:45","guid":{"rendered":"https:\/\/carclub.az\/?page_id=194"},"modified":"2025-05-29T10:10:17","modified_gmt":"2025-05-29T06:10:17","slug":"haqqimizda","status":"publish","type":"page","link":"https:\/\/carclub.az\/az\/haqqimizda\/","title":{"rendered":"Haqq\u0131m\u0131zda"},"content":{"rendered":"\t\t<div data-elementor-type=\"wp-page\" data-elementor-id=\"194\" class=\"elementor elementor-194\" data-elementor-post-type=\"page\">\n\t\t\t\t\t\t\t\t\t<section class=\"has_ae_slider elementor-section elementor-top-section elementor-element elementor-element-29cd023e elementor-section-full_width elementor-section-height-min-height elementor-section-items-stretch elementor-section-content-middle elementor-section-height-default ae-bg-gallery-type-default\" data-id=\"29cd023e\" data-element_type=\"section\" data-settings=\"{&quot;motion_fx_motion_fx_scrolling&quot;:&quot;yes&quot;,&quot;motion_fx_devices&quot;:[&quot;desktop&quot;,&quot;tablet&quot;,&quot;mobile&quot;]}\">\n\t\t\t\t\t\t<div class=\"elementor-container elementor-column-gap-no\">\n\t\t\t\t\t<div class=\"has_ae_slider elementor-column elementor-col-50 elementor-top-column elementor-element elementor-element-2411c949 ae-bg-gallery-type-default\" data-id=\"2411c949\" data-element_type=\"column\" data-settings=\"{&quot;background_background&quot;:&quot;classic&quot;}\">\n\t\t\t<div class=\"elementor-widget-wrap elementor-element-populated\">\n\t\t\t\t\t\t\t\t<div class=\"elementor-element elementor-element-733801fb animated-slow elementor-invisible elementor-widget elementor-widget-image\" data-id=\"733801fb\" data-element_type=\"widget\" data-settings=\"{&quot;_animation&quot;:&quot;fadeIn&quot;}\" data-widget_type=\"image.default\">\n\t\t\t\t<div class=\"elementor-widget-container\">\n\t\t\t<style>\/*! elementor - v3.16.0 - 14-09-2023 *\/\n.elementor-widget-image{text-align:center}.elementor-widget-image a{display:inline-block}.elementor-widget-image a img[src$=\".svg\"]{width:48px}.elementor-widget-image img{vertical-align:middle;display:inline-block}<\/style>\t\t\t\t\t\t\t\t\t\t\t\t<img decoding=\"async\" width=\"800\" height=\"739\" src=\"https:\/\/carclub.az\/wp-content\/uploads\/2023\/08\/carclub.webp\" class=\"attachment-full size-full wp-image-234\" alt=\"\" srcset=\"https:\/\/carclub.az\/wp-content\/uploads\/2023\/08\/carclub.webp 800w, https:\/\/carclub.az\/wp-content\/uploads\/2023\/08\/carclub-300x277.webp 300w, https:\/\/carclub.az\/wp-content\/uploads\/2023\/08\/carclub-768x709.webp 768w\" sizes=\"(max-width: 800px) 100vw, 800px\" \/>\t\t\t\t\t\t\t\t\t\t\t\t\t\t\t<\/div>\n\t\t\t\t<\/div>\n\t\t\t\t<div class=\"elementor-element elementor-element-172359cd elementor-view-stacked elementor-shape-square elementor-absolute elementor-widget elementor-widget-icon\" data-id=\"172359cd\" data-element_type=\"widget\" data-settings=\"{&quot;_position&quot;:&quot;absolute&quot;}\" data-widget_type=\"icon.default\">\n\t\t\t\t<div class=\"elementor-widget-container\">\n\t\t\t\t\t<div class=\"elementor-icon-wrapper\">\n\t\t\t<div class=\"elementor-icon\">\n\t\t\t\t\t\t<\/div>\n\t\t<\/div>\n\t\t\t\t<\/div>\n\t\t\t\t<\/div>\n\t\t\t\t\t<\/div>\n\t\t<\/div>\n\t\t\t\t<div class=\"has_ae_slider elementor-column elementor-col-50 elementor-top-column elementor-element elementor-element-49f4e151 ae-bg-gallery-type-default\" data-id=\"49f4e151\" data-element_type=\"column\">\n\t\t\t<div class=\"elementor-widget-wrap elementor-element-populated\">\n\t\t\t\t\t\t\t\t<div class=\"elementor-element elementor-element-43e75c1f elementor-widget elementor-widget-heading\" data-id=\"43e75c1f\" data-element_type=\"widget\" data-widget_type=\"heading.default\">\n\t\t\t\t<div class=\"elementor-widget-container\">\n\t\t\t<style>\/*! elementor - v3.16.0 - 14-09-2023 *\/\n.elementor-heading-title{padding:0;margin:0;line-height:1}.elementor-widget-heading .elementor-heading-title[class*=elementor-size-]>a{color:inherit;font-size:inherit;line-height:inherit}.elementor-widget-heading .elementor-heading-title.elementor-size-small{font-size:15px}.elementor-widget-heading .elementor-heading-title.elementor-size-medium{font-size:19px}.elementor-widget-heading .elementor-heading-title.elementor-size-large{font-size:29px}.elementor-widget-heading .elementor-heading-title.elementor-size-xl{font-size:39px}.elementor-widget-heading .elementor-heading-title.elementor-size-xxl{font-size:59px}<\/style><h1 class=\"elementor-heading-title elementor-size-default\">Haqq\u0131m\u0131zda<\/h1>\t\t<\/div>\n\t\t\t\t<\/div>\n\t\t\t\t<div class=\"elementor-element elementor-element-93751a6 elementor-widget elementor-widget-text-editor\" data-id=\"93751a6\" data-element_type=\"widget\" data-widget_type=\"text-editor.default\">\n\t\t\t\t<div class=\"elementor-widget-container\">\n\t\t\t<style>\/*! elementor - v3.16.0 - 14-09-2023 *\/\n.elementor-widget-text-editor.elementor-drop-cap-view-stacked .elementor-drop-cap{background-color:#69727d;color:#fff}.elementor-widget-text-editor.elementor-drop-cap-view-framed .elementor-drop-cap{color:#69727d;border:3px solid;background-color:transparent}.elementor-widget-text-editor:not(.elementor-drop-cap-view-default) .elementor-drop-cap{margin-top:8px}.elementor-widget-text-editor:not(.elementor-drop-cap-view-default) .elementor-drop-cap-letter{width:1em;height:1em}.elementor-widget-text-editor .elementor-drop-cap{float:left;text-align:center;line-height:1;font-size:50px}.elementor-widget-text-editor .elementor-drop-cap-letter{display:inline-block}<\/style>\t\t\t\tBug\u00fcnki g\u00fcnd\u0259 siz \u00f6z h\u0259yat\u0131n\u0131z\u0131 n\u0259qliyyat vasit\u0259siz t\u0259s\u0259vv\u00fcr ed\u0259 bilmirsiniz. V\u0259 \u0259g\u0259r s\u00f6hb\u0259t xaric\u0259 s\u0259f\u0259r,bax\u0131ml\u0131 yerl\u0259ri,t\u0259bi\u0259ti g\u00f6rm\u0259kd\u0259n gedirs\u0259 \u2013 birinci fikirl\u0259\u015fdiyimiz n\u0259qliyyat vasit\u0259si olur. V\u0259 bu zaman biz \u2013 Carclub \u015firk\u0259ti sizing k\u00f6m\u0259yiniz\u0259 g\u0259lirik. Bu m\u0259s\u0259l\u0259ni siz\u0259 \u0259n \u0259nveri\u015fli \u015f\u0259rtl\u0259rl\u0259, dig\u0259r \u015firk\u0259tl\u0259rd\u0259n f\u0259rqli usluqda h\u0259ll etm\u0259y\u0259 siz\u0259 k\u00f6m\u0259k ed\u0259c\u0259yik.\n\nBiz sizi rahat,laz\u0131ms\u0131z sual v\u0259 \u00f6hd\u0259liksiz bir s\u0259yah\u0259t il\u0259 t\u0259min ed\u0259c\u0259yik. Yeni, rahat v\u0259 tam s\u0131\u011fortal\u0131 avtomobil icar\u0259 etm\u0259k ist\u0259yirsiniz? Carclub size g\u00f6zl\u0259yir. Bizim m\u00fc\u015ft\u0259ril\u0259rimizd\u0259n g\u0259l\u0259n onlarla xo\u015f r\u0259yl\u0259r bizim i\u015fimiz haqq\u0131nda siz\u0259 \u0259lav\u0259 informasiya verm\u0259kd\u0259 k\u00f6m\u0259k olacaq.\t\t\t\t\t\t<\/div>\n\t\t\t\t<\/div>\n\t\t\t\t\t<\/div>\n\t\t<\/div>\n\t\t\t\t\t\t\t<\/div>\n\t\t<\/section>\n\t\t\t\t\t\t\t<\/div>\n\t\t","protected":false},"excerpt":{"rendered":"<p>Haqq\u0131m\u0131zda Bug\u00fcnki g\u00fcnd\u0259 siz \u00f6z h\u0259yat\u0131n\u0131z\u0131 n\u0259qliyyat vasit\u0259siz t\u0259s\u0259vv\u00fcr ed\u0259 bilmirsiniz. V\u0259 \u0259g\u0259r s\u00f6hb\u0259t xaric\u0259 s\u0259f\u0259r,bax\u0131ml\u0131 yerl\u0259ri,t\u0259bi\u0259ti g\u00f6rm\u0259kd\u0259n gedirs\u0259 \u2013 birinci fikirl\u0259\u015fdiyimiz n\u0259qliyyat vasit\u0259si olur. V\u0259 bu zaman biz \u2013 Carclub \u015firk\u0259ti sizing k\u00f6m\u0259yiniz\u0259 g\u0259lirik. Bu m\u0259s\u0259l\u0259ni siz\u0259 \u0259n \u0259nveri\u015fli \u015f\u0259rtl\u0259rl\u0259, dig\u0259r \u015firk\u0259tl\u0259rd\u0259n f\u0259rqli usluqda h\u0259ll etm\u0259y\u0259 siz\u0259 k\u00f6m\u0259k ed\u0259c\u0259yik. Biz sizi rahat,laz\u0131ms\u0131z sual v\u0259 [&hellip;]<\/p>\n","protected":false},"author":1,"featured_media":0,"parent":0,"menu_order":0,"comment_status":"closed","ping_status":"closed","template":"","meta":{"inline_featured_image":false,"footnotes":""},"acf":[],"yoast_head":"<!-- This site is optimized with the Yoast SEO plugin v21.1 - https:\/\/yoast.com\/wordpress\/plugins\/seo\/ -->\n<title>Etibarl\u0131 Avtomobil \u0130car\u0259si \u015eirk\u0259ti Bak\u0131<\/title>\n<meta name=\"description\" content=\"Bak\u0131 \u015f\u0259h\u0259rind\u0259 etibarl\u0131 v\u0259 t\u0259cr\u00fcb\u0259li avtomobil icar\u0259si \u015firk\u0259ti. M\u00fc\u015ft\u0259ri m\u0259mnuniyy\u0259ti v\u0259 s\u0259rf\u0259li \u015f\u0259rtl\u0259r bizim \u00fc\u00e7\u00fcn \u00f6n\u0259mlidir.\" \/>\n<meta name=\"robots\" content=\"index, follow, max-snippet:-1, max-image-preview:large, max-video-preview:-1\" \/>\n<link rel=\"canonical\" href=\"https:\/\/carclub.az\/az\/haqqimizda\/\" \/>\n<meta property=\"og:locale\" content=\"az_AZ\" \/>\n<meta property=\"og:type\" content=\"article\" \/>\n<meta property=\"og:title\" content=\"Etibarl\u0131 Avtomobil \u0130car\u0259si \u015eirk\u0259ti Bak\u0131\" \/>\n<meta property=\"og:description\" content=\"Bak\u0131 \u015f\u0259h\u0259rind\u0259 etibarl\u0131 v\u0259 t\u0259cr\u00fcb\u0259li avtomobil icar\u0259si \u015firk\u0259ti. M\u00fc\u015ft\u0259ri m\u0259mnuniyy\u0259ti v\u0259 s\u0259rf\u0259li \u015f\u0259rtl\u0259r bizim \u00fc\u00e7\u00fcn \u00f6n\u0259mlidir.\" \/>\n<meta property=\"og:url\" content=\"https:\/\/carclub.az\/az\/haqqimizda\/\" \/>\n<meta property=\"og:site_name\" content=\"carclub.az\" \/>\n<meta property=\"article:modified_time\" content=\"2025-05-29T06:10:17+00:00\" \/>\n<meta property=\"og:image\" content=\"https:\/\/carclub.az\/wp-content\/uploads\/2023\/08\/carclub.webp\" \/>\n<meta name=\"twitter:card\" content=\"summary_large_image\" \/>\n<meta name=\"twitter:label1\" content=\"Est. reading time\" \/>\n\t<meta name=\"twitter:data1\" content=\"1 minute\" \/>\n<script type=\"application\/ld+json\" class=\"yoast-schema-graph\">{\"@context\":\"https:\/\/schema.org\",\"@graph\":[{\"@type\":\"WebPage\",\"@id\":\"https:\/\/carclub.az\/az\/haqqimizda\/\",\"url\":\"https:\/\/carclub.az\/az\/haqqimizda\/\",\"name\":\"Etibarl\u0131 Avtomobil \u0130car\u0259si \u015eirk\u0259ti Bak\u0131\",\"isPartOf\":{\"@id\":\"https:\/\/carclub.az\/az\/#website\"},\"datePublished\":\"2023-08-24T12:10:45+00:00\",\"dateModified\":\"2025-05-29T06:10:17+00:00\",\"description\":\"Bak\u0131 \u015f\u0259h\u0259rind\u0259 etibarl\u0131 v\u0259 t\u0259cr\u00fcb\u0259li avtomobil icar\u0259si \u015firk\u0259ti. M\u00fc\u015ft\u0259ri m\u0259mnuniyy\u0259ti v\u0259 s\u0259rf\u0259li \u015f\u0259rtl\u0259r bizim \u00fc\u00e7\u00fcn \u00f6n\u0259mlidir.\",\"breadcrumb\":{\"@id\":\"https:\/\/carclub.az\/az\/haqqimizda\/#breadcrumb\"},\"inLanguage\":\"az\",\"potentialAction\":[{\"@type\":\"ReadAction\",\"target\":[\"https:\/\/carclub.az\/az\/haqqimizda\/\"]}]},{\"@type\":\"BreadcrumbList\",\"@id\":\"https:\/\/carclub.az\/az\/haqqimizda\/#breadcrumb\",\"itemListElement\":[{\"@type\":\"ListItem\",\"position\":1,\"name\":\"Ana s\u0259hif\u0259\",\"item\":\"https:\/\/carclub.az\/az\/\"},{\"@type\":\"ListItem\",\"position\":2,\"name\":\"Haqq\u0131m\u0131zda\"}]},{\"@type\":\"WebSite\",\"@id\":\"https:\/\/carclub.az\/az\/#website\",\"url\":\"https:\/\/carclub.az\/az\/\",\"name\":\"carclub.az\",\"description\":\"carclub.az\",\"publisher\":{\"@id\":\"https:\/\/carclub.az\/az\/#organization\"},\"potentialAction\":[{\"@type\":\"SearchAction\",\"target\":{\"@type\":\"EntryPoint\",\"urlTemplate\":\"https:\/\/carclub.az\/az\/?s={search_term_string}\"},\"query-input\":\"required name=search_term_string\"}],\"inLanguage\":\"az\"},{\"@type\":\"Organization\",\"@id\":\"https:\/\/carclub.az\/az\/#organization\",\"name\":\"carclub.az\",\"alternateName\":\"Carclub.az\",\"url\":\"https:\/\/carclub.az\/az\/\",\"logo\":{\"@type\":\"ImageObject\",\"inLanguage\":\"az\",\"@id\":\"https:\/\/carclub.az\/az\/#\/schema\/logo\/image\/\",\"url\":\"https:\/\/carclub.az\/wp-content\/uploads\/2023\/08\/logo.jpg\",\"contentUrl\":\"https:\/\/carclub.az\/wp-content\/uploads\/2023\/08\/logo.jpg\",\"width\":500,\"height\":203,\"caption\":\"carclub.az\"},\"image\":{\"@id\":\"https:\/\/carclub.az\/az\/#\/schema\/logo\/image\/\"}}]}<\/script>\n<!-- \/ Yoast SEO plugin. -->","yoast_head_json":{"title":"Etibarl\u0131 Avtomobil \u0130car\u0259si \u015eirk\u0259ti Bak\u0131","description":"Bak\u0131 \u015f\u0259h\u0259rind\u0259 etibarl\u0131 v\u0259 t\u0259cr\u00fcb\u0259li avtomobil icar\u0259si \u015firk\u0259ti. M\u00fc\u015ft\u0259ri m\u0259mnuniyy\u0259ti v\u0259 s\u0259rf\u0259li \u015f\u0259rtl\u0259r bizim \u00fc\u00e7\u00fcn \u00f6n\u0259mlidir.","robots":{"index":"index","follow":"follow","max-snippet":"max-snippet:-1","max-image-preview":"max-image-preview:large","max-video-preview":"max-video-preview:-1"},"canonical":"https:\/\/carclub.az\/az\/haqqimizda\/","og_locale":"az_AZ","og_type":"article","og_title":"Etibarl\u0131 Avtomobil \u0130car\u0259si \u015eirk\u0259ti Bak\u0131","og_description":"Bak\u0131 \u015f\u0259h\u0259rind\u0259 etibarl\u0131 v\u0259 t\u0259cr\u00fcb\u0259li avtomobil icar\u0259si \u015firk\u0259ti. M\u00fc\u015ft\u0259ri m\u0259mnuniyy\u0259ti v\u0259 s\u0259rf\u0259li \u015f\u0259rtl\u0259r bizim \u00fc\u00e7\u00fcn \u00f6n\u0259mlidir.","og_url":"https:\/\/carclub.az\/az\/haqqimizda\/","og_site_name":"carclub.az","article_modified_time":"2025-05-29T06:10:17+00:00","og_image":[{"url":"https:\/\/carclub.az\/wp-content\/uploads\/2023\/08\/carclub.webp"}],"twitter_card":"summary_large_image","twitter_misc":{"Est. reading time":"1 minute"},"schema":{"@context":"https:\/\/schema.org","@graph":[{"@type":"WebPage","@id":"https:\/\/carclub.az\/az\/haqqimizda\/","url":"https:\/\/carclub.az\/az\/haqqimizda\/","name":"Etibarl\u0131 Avtomobil \u0130car\u0259si \u015eirk\u0259ti Bak\u0131","isPartOf":{"@id":"https:\/\/carclub.az\/az\/#website"},"datePublished":"2023-08-24T12:10:45+00:00","dateModified":"2025-05-29T06:10:17+00:00","description":"Bak\u0131 \u015f\u0259h\u0259rind\u0259 etibarl\u0131 v\u0259 t\u0259cr\u00fcb\u0259li avtomobil icar\u0259si \u015firk\u0259ti. M\u00fc\u015ft\u0259ri m\u0259mnuniyy\u0259ti v\u0259 s\u0259rf\u0259li \u015f\u0259rtl\u0259r bizim \u00fc\u00e7\u00fcn \u00f6n\u0259mlidir.","breadcrumb":{"@id":"https:\/\/carclub.az\/az\/haqqimizda\/#breadcrumb"},"inLanguage":"az","potentialAction":[{"@type":"ReadAction","target":["https:\/\/carclub.az\/az\/haqqimizda\/"]}]},{"@type":"BreadcrumbList","@id":"https:\/\/carclub.az\/az\/haqqimizda\/#breadcrumb","itemListElement":[{"@type":"ListItem","position":1,"name":"Ana s\u0259hif\u0259","item":"https:\/\/carclub.az\/az\/"},{"@type":"ListItem","position":2,"name":"Haqq\u0131m\u0131zda"}]},{"@type":"WebSite","@id":"https:\/\/carclub.az\/az\/#website","url":"https:\/\/carclub.az\/az\/","name":"carclub.az","description":"carclub.az","publisher":{"@id":"https:\/\/carclub.az\/az\/#organization"},"potentialAction":[{"@type":"SearchAction","target":{"@type":"EntryPoint","urlTemplate":"https:\/\/carclub.az\/az\/?s={search_term_string}"},"query-input":"required name=search_term_string"}],"inLanguage":"az"},{"@type":"Organization","@id":"https:\/\/carclub.az\/az\/#organization","name":"carclub.az","alternateName":"Carclub.az","url":"https:\/\/carclub.az\/az\/","logo":{"@type":"ImageObject","inLanguage":"az","@id":"https:\/\/carclub.az\/az\/#\/schema\/logo\/image\/","url":"https:\/\/carclub.az\/wp-content\/uploads\/2023\/08\/logo.jpg","contentUrl":"https:\/\/carclub.az\/wp-content\/uploads\/2023\/08\/logo.jpg","width":500,"height":203,"caption":"carclub.az"},"image":{"@id":"https:\/\/carclub.az\/az\/#\/schema\/logo\/image\/"}}]}},"_links":{"self":[{"href":"https:\/\/carclub.az\/az\/wp-json\/wp\/v2\/pages\/194"}],"collection":[{"href":"https:\/\/carclub.az\/az\/wp-json\/wp\/v2\/pages"}],"about":[{"href":"https:\/\/carclub.az\/az\/wp-json\/wp\/v2\/types\/page"}],"author":[{"embeddable":true,"href":"https:\/\/carclub.az\/az\/wp-json\/wp\/v2\/users\/1"}],"replies":[{"embeddable":true,"href":"https:\/\/carclub.az\/az\/wp-json\/wp\/v2\/comments?post=194"}],"version-history":[{"count":23,"href":"https:\/\/carclub.az\/az\/wp-json\/wp\/v2\/pages\/194\/revisions"}],"predecessor-version":[{"id":1299,"href":"https:\/\/carclub.az\/az\/wp-json\/wp\/v2\/pages\/194\/revisions\/1299"}],"wp:attachment":[{"href":"https:\/\/carclub.az\/az\/wp-json\/wp\/v2\/media?parent=194"}],"curies":[{"name":"wp","href":"https:\/\/api.w.org\/{rel}","templated":true}]}}